{"id":431,"date":"2015-02-22T19:55:57","date_gmt":"2015-02-22T19:55:57","guid":{"rendered":"http:\/\/wp\/enfold-medium-business\/?page_id=11"},"modified":"2026-03-27T10:09:25","modified_gmt":"2026-03-27T10:09:25","slug":"home","status":"publish","type":"page","link":"https:\/\/novawinnica.pl\/","title":{"rendered":"Home"},"content":{"rendered":"\n<style type=\"text\/css\" data-created_by=\"avia_inline_auto\" id=\"style-css-av-be4h5z-0f8ee70db3f262a5bcea4622720a8c57\">\n.avia-section.av-be4h5z-0f8ee70db3f262a5bcea4622720a8c57{\nbackground-repeat:no-repeat;\nbackground-image:url(https:\/\/novawinnica.pl\/wp-content\/uploads\/2026\/03\/Stary-Paczkow-Nova-Winnica-1-1-scaled.png);\nbackground-position:50% 50%;\nbackground-attachment:scroll;\n}\n.avia-section.av-be4h5z-0f8ee70db3f262a5bcea4622720a8c57 .av-section-color-overlay{\nopacity:0.3;\nbackground-color:#ffffff;\n}\n<\/style>\n<div id='home'  class='avia-section av-be4h5z-0f8ee70db3f262a5bcea4622720a8c57 main_color avia-section-default avia-no-border-styling  avia-builder-el-0  el_before_av_section  avia-builder-el-first  avia-full-stretch avia-bg-style-scroll av-section-color-overlay-active av-minimum-height av-minimum-height-75  container_wrap sidebar_right'  data-section-bg-repeat='stretch' data-av_minimum_height_pc='75'><div class=\"av-section-color-overlay-wrap\"><div class=\"av-section-color-overlay\"><\/div><a href='#next-section' title='' class='scroll-down-link ' aria-hidden='true' data-av_icon='\ue877' data-av_iconfont='entypo-fontello'><\/a><div class='container av-section-cont-open' ><main  role=\"main\" itemprop=\"mainContentOfPage\"  class='template-page content  av-content-small alpha units'><div class='post-entry post-entry-type-page post-entry-431'><div class='entry-content-wrapper clearfix'>\n<div class='flex_column av-b7qawf-0156d5cce9b2b94e292b0fc326c5a483 av_one_full  avia-builder-el-1  avia-builder-el-no-sibling  first flex_column_div '   ><style type=\"text\/css\" data-created_by=\"avia_inline_auto\" id=\"style-css-av-azd52v-d465ea04deb9f9909f7b619eb3a8e96c\">\n#top .av-rotator-container.av-azd52v-d465ea04deb9f9909f7b619eb3a8e96c{\ntext-align:left;\nfont-size:63px;\ncolor:#ffffff;\nmargin:0 0 0 0;\n}\n#top .av-rotator-container.av-azd52v-d465ea04deb9f9909f7b619eb3a8e96c .av-rotator-container-inner{\nfont-size:63px;\n}\n<\/style>\n\n<style type=\"text\/css\" data-created_by=\"avia_inline_auto\" id=\"style-css-sub-av-azd52v-d465ea04deb9f9909f7b619eb3a8e96c\">\n#top .av-rotator-container .av-rotator-text-single.av-130uen-f9c62d1c4d1cb8af4a0462681e5c8b73{\ncolor:#315e5b;\n}\n<\/style>\n<div  class='av-rotator-container av-rotation-container-left av-azd52v-d465ea04deb9f9909f7b619eb3a8e96c  avia-builder-el-2  avia-builder-el-no-sibling ' data-interval='3' data-animation='1'><h2 class='av-rotator-container-inner'>Stary Paczk\u00f3w<span class='av-rotator-text av-rotator-multiline-on'>\n<span class='av-rotator-text-single av-130uen-f9c62d1c4d1cb8af4a0462681e5c8b73 av-rotator-text-single-1'>NOVA WINNICA <\/span>\n<\/span><\/h2><\/div><\/div>\n\n<\/div><\/div><\/main><!-- close content main element --><\/div><\/div><\/div>\n<style type=\"text\/css\" data-created_by=\"avia_inline_auto\" id=\"style-css-av-9hrp7b-b874e91fafd5e88437694be7d4ee1d4c\">\n.avia-section.av-9hrp7b-b874e91fafd5e88437694be7d4ee1d4c .av-section-color-overlay{\nopacity:0.5;\n}\n<\/style>\n<div id='inwestycja'  class='avia-section av-9hrp7b-b874e91fafd5e88437694be7d4ee1d4c main_color avia-section-huge avia-no-border-styling  avia-builder-el-3  el_after_av_section  el_before_av_section  avia-bg-style-fixed av-section-color-overlay-active container_wrap sidebar_right'  ><div class=\"av-section-color-overlay-wrap\"><div class=\"av-section-color-overlay\"><\/div><div class='container av-section-cont-open' ><div class='template-page content  av-content-small alpha units'><div class='post-entry post-entry-type-page post-entry-431'><div class='entry-content-wrapper clearfix'>\n\n<style type=\"text\/css\" data-created_by=\"avia_inline_auto\" id=\"style-css-av-92gfiv-aa29ec16aa88ba698b8565221bef5c54\">\n#top .av-special-heading.av-92gfiv-aa29ec16aa88ba698b8565221bef5c54{\npadding-bottom:10px;\nfont-size:40px;\n}\nbody .av-special-heading.av-92gfiv-aa29ec16aa88ba698b8565221bef5c54 .av-special-heading-tag .heading-char{\nfont-size:25px;\n}\n#top #wrap_all .av-special-heading.av-92gfiv-aa29ec16aa88ba698b8565221bef5c54 .av-special-heading-tag{\nfont-size:40px;\n}\n.av-special-heading.av-92gfiv-aa29ec16aa88ba698b8565221bef5c54 .av-subheading{\nfont-size:15px;\n}\n<\/style>\n<div  class='av-special-heading av-92gfiv-aa29ec16aa88ba698b8565221bef5c54 av-special-heading-h1 blockquote classic-quote  avia-builder-el-4  el_before_av_hr  avia-builder-el-first  av-inherit-size'><h1 class='av-special-heading-tag'  itemprop=\"headline\"  >,,\u017byj tam, gdzie inni sp\u0119dzaj\u0105 urlop\u2019\u2019<\/h1><div class=\"special-heading-border\"><div class=\"special-heading-inner-border\"><\/div><\/div><\/div>\n<div  class='hr av-89b9j-218c6f4cbaeb639de253c46ce7e6d0a5 hr-default  avia-builder-el-5  el_after_av_heading  el_before_av_three_fourth '><span class='hr-inner '><span class=\"hr-inner-style\"><\/span><\/span><\/div>\n<div class='flex_column av-8v900n-4b98ec0e624698a4f0e19c5a1f3a7d93 av_three_fourth  avia-builder-el-6  el_after_av_hr  el_before_av_one_fourth  first flex_column_div '   ><section  class='av_textblock_section av-mmqq3gec-0cbe6ec585b7cd7bb5ac95029ab5c747'  itemscope=\"itemscope\" itemtype=\"https:\/\/schema.org\/CreativeWork\" ><div class='avia_textblock'  itemprop=\"text\" ><h2 data-section-id=\"1mi2tzs\" data-start=\"186\" data-end=\"231\"><strong data-start=\"189\" data-end=\"231\">Nova Winnica \u2013 Tw\u00f3j dom w sercu winnic<\/strong><\/h2>\n<p data-start=\"233\" data-end=\"562\"><strong data-start=\"233\" data-end=\"249\">Nova Winnica<\/strong> to wyj\u0105tkowe osiedle dom\u00f3w jednorodzinnych po\u0142o\u017cone w malowniczym <strong data-start=\"316\" data-end=\"336\">Starym Paczkowie<\/strong>, w otoczeniu \u0142agodnych wzg\u00f3rz i rozleg\u0142ych winnic. To idealne miejsce dla os\u00f3b, kt\u00f3re ceni\u0105 kontakt z natur\u0105, spok\u00f3j i komfort \u017cycia, a jednocze\u015bnie chc\u0105 by\u0107 w wygodnym zasi\u0119gu najwa\u017cniejszych udogodnie\u0144 i dr\u00f3g dojazdowych.<\/p>\n<p data-start=\"564\" data-end=\"844\">Osiedle oferuje <strong data-start=\"580\" data-end=\"612\">przestronne, nowoczesne domy<\/strong> o funkcjonalnych uk\u0142adach \u2014 od 3 do 5 pokoi, z gara\u017cami i prywatnymi ogrodami. Du\u017ce przeszklenia zapewniaj\u0105 optymalne do\u015bwietlenie wn\u0119trz, a zastosowane rozwi\u0105zania energooszcz\u0119dne gwarantuj\u0105 komfort i niskie koszty eksploatacji.<\/p>\n<\/div><\/section><\/div><div class='flex_column av-70h2f-dbdf8d1b78b6d13c8685dc1d0526bcb1 av_one_fourth  avia-builder-el-8  el_after_av_three_fourth  avia-builder-el-last  flex_column_div '   ><style type=\"text\/css\" data-created_by=\"avia_inline_auto\" id=\"style-css-av-mmqqyhk7-731c4f6f9d3ec4e9caed56adcfba7184\">\n.avia-image-container.av-mmqqyhk7-731c4f6f9d3ec4e9caed56adcfba7184 .av-image-caption-overlay-center{\ncolor:#ffffff;\n}\n<\/style>\n<div  class='avia-image-container av-mmqqyhk7-731c4f6f9d3ec4e9caed56adcfba7184 av-styling- avia-align-center  avia-builder-el-9  avia-builder-el-no-sibling '  itemprop=\"image\" itemscope=\"itemscope\" itemtype=\"https:\/\/schema.org\/ImageObject\" ><div class=\"avia-image-container-inner\"><div class=\"avia-image-overlay-wrap\"><img decoding=\"async\" class='wp-image-538 avia-img-lazy-loading-not-538 avia_image' src=\"https:\/\/novawinnica.pl\/wp-content\/uploads\/2026\/03\/NOVA-WINNICA-300x86.png\" alt='' title='NOVA WINNICA'  height=\"86\" width=\"300\"  itemprop=\"thumbnailUrl\" srcset=\"https:\/\/novawinnica.pl\/wp-content\/uploads\/2026\/03\/NOVA-WINNICA-300x86.png 300w, https:\/\/novawinnica.pl\/wp-content\/uploads\/2026\/03\/NOVA-WINNICA-705x203.png 705w, https:\/\/novawinnica.pl\/wp-content\/uploads\/2026\/03\/NOVA-WINNICA.png 723w\" sizes=\"(max-width: 300px) 100vw, 300px\" \/><\/div><\/div><\/div><\/div>\n\n<\/div><\/div><\/div><!-- close content main div --><\/div><\/div><\/div><div id='lokalizacja'  class='avia-section av-3msnz-506d20a274614cdda9316fd08058ca7b main_color avia-section-huge avia-no-border-styling  avia-builder-el-10  el_after_av_section  el_before_av_section  avia-bg-style-scroll container_wrap sidebar_right'  ><div class='container av-section-cont-open' ><div class='template-page content  av-content-small alpha units'><div class='post-entry post-entry-type-page post-entry-431'><div class='entry-content-wrapper clearfix'>\n\n<style type=\"text\/css\" data-created_by=\"avia_inline_auto\" id=\"style-css-av-mmqr8rtz-8c8b74ce4b4c133f76dce283db4942a0\">\n#top .av-special-heading.av-mmqr8rtz-8c8b74ce4b4c133f76dce283db4942a0{\npadding-bottom:10px;\n}\nbody .av-special-heading.av-mmqr8rtz-8c8b74ce4b4c133f76dce283db4942a0 .av-special-heading-tag .heading-char{\nfont-size:25px;\n}\n.av-special-heading.av-mmqr8rtz-8c8b74ce4b4c133f76dce283db4942a0 .av-subheading{\nfont-size:15px;\n}\n<\/style>\n<div  class='av-special-heading av-mmqr8rtz-8c8b74ce4b4c133f76dce283db4942a0 av-special-heading-h3  avia-builder-el-11  el_before_av_textblock  avia-builder-el-first '><h3 class='av-special-heading-tag'  itemprop=\"headline\"  >Lokalizacja<\/h3><div class=\"special-heading-border\"><div class=\"special-heading-inner-border\"><\/div><\/div><\/div>\n<section  class='av_textblock_section av-mmqr0aq0-f55a55d08d84bd13e742e4931c2e392f'  itemscope=\"itemscope\" itemtype=\"https:\/\/schema.org\/CreativeWork\" ><div class='avia_textblock'  itemprop=\"text\" ><p data-start=\"173\" data-end=\"437\">Osiedle <strong data-start=\"181\" data-end=\"197\">Nova Winnica<\/strong> znajduje si\u0119 w malowniczym <strong data-start=\"225\" data-end=\"245\">Starym Paczkowie<\/strong>, w otoczeniu zielonych wzg\u00f3rz i rozleg\u0142ych winnic. To miejsce, gdzie mo\u017cna cieszy\u0107 si\u0119 cisz\u0105 i prywatno\u015bci\u0105, nie rezygnuj\u0105c z \u0142atwego dost\u0119pu do najwa\u017cniejszych tras i udogodnie\u0144 miejskich.<\/p>\n<p data-start=\"439\" data-end=\"722\">Blisko\u015b\u0107 natury sprawia, \u017ce ka\u017cdy dzie\u0144 zaczyna si\u0119 od \u015bwie\u017cego powietrza, \u015bpiewu ptak\u00f3w i widoku \u0142agodnych krajobraz\u00f3w winoro\u015bli. Jednocze\u015bnie mieszka\u0144cy maj\u0105 w pobli\u017cu sklepy, szko\u0142y, restauracje i centra us\u0142ugowe, co \u0142\u0105czy wygod\u0119 \u017cycia codziennego z wyj\u0105tkow\u0105 atmosfer\u0105 spokoju.<\/p>\n<\/div><\/section>\n\n<\/div><\/div><\/div><!-- close content main div --><\/div><\/div><div id='terminarz'  class='avia-section av-mmqpzt8m-31d745ae58e01ccec39c31db1b3f6d34 main_color avia-section-huge avia-no-border-styling  avia-builder-el-13  el_after_av_section  el_before_av_section  avia-bg-style-scroll container_wrap sidebar_right'  ><div class='container av-section-cont-open' ><div class='template-page content  av-content-small alpha units'><div class='post-entry post-entry-type-page post-entry-431'><div class='entry-content-wrapper clearfix'>\n<div class='flex_column av-1t4rlj-9041f9f49f59b3a2cc87adf0a8f798ef av_one_fifth  avia-builder-el-14  el_before_av_three_fifth  avia-builder-el-first  first flex_column_div '   ><\/div><div class='flex_column av-1i9o4f-3b6a198368fba66f7c17d602a66b23f7 av_three_fifth  avia-builder-el-15  el_after_av_one_fifth  el_before_av_one_fifth  flex_column_div '   ><style type=\"text\/css\" data-created_by=\"avia_inline_auto\" id=\"style-css-av-1evgfj-ebea0474f6f9d7e1f52fd9578c88f841\">\n#top .av-special-heading.av-1evgfj-ebea0474f6f9d7e1f52fd9578c88f841{\npadding-bottom:10px;\nfont-size:40px;\n}\nbody .av-special-heading.av-1evgfj-ebea0474f6f9d7e1f52fd9578c88f841 .av-special-heading-tag .heading-char{\nfont-size:25px;\n}\n#top #wrap_all .av-special-heading.av-1evgfj-ebea0474f6f9d7e1f52fd9578c88f841 .av-special-heading-tag{\nfont-size:40px;\n}\n.av-special-heading.av-1evgfj-ebea0474f6f9d7e1f52fd9578c88f841 .av-subheading{\nfont-size:15px;\n}\n<\/style>\n<div  class='av-special-heading av-1evgfj-ebea0474f6f9d7e1f52fd9578c88f841 av-special-heading-h1 blockquote classic-quote  avia-builder-el-16  avia-builder-el-no-sibling  av-inherit-size'><h1 class='av-special-heading-tag'  itemprop=\"headline\"  >KWIECIE\u0143 2026 &#8211; rozpocz\u0119cie rob\u00f3t ziemnych<\/h1><div class=\"special-heading-border\"><div class=\"special-heading-inner-border\"><\/div><\/div><\/div><\/div><div class='flex_column av-4gi3z-b693aac7c2c0b2ab3ede579cee8d292e av_one_fifth  avia-builder-el-17  el_after_av_three_fifth  el_before_av_hr  flex_column_div '   ><\/div>\n<style type=\"text\/css\" data-created_by=\"avia_inline_auto\" id=\"style-css-av-11132n-a569c4f0f27d130c5d9dd5e0ff4d268d\">\n#top .hr.av-11132n-a569c4f0f27d130c5d9dd5e0ff4d268d{\nmargin-top:70px;\nmargin-bottom:70px;\n}\n.hr.av-11132n-a569c4f0f27d130c5d9dd5e0ff4d268d .hr-inner{\nwidth:50px;\nborder-color:#000000;\n}\n<\/style>\n<div  class='hr av-11132n-a569c4f0f27d130c5d9dd5e0ff4d268d hr-custom  avia-builder-el-18  el_after_av_one_fifth  avia-builder-el-last  hr-center hr-icon-no'><span class='hr-inner inner-border-av-border-fat'><span class=\"hr-inner-style\"><\/span><\/span><\/div>\n\n<\/div><\/div><\/div><!-- close content main div --><\/div><\/div><div id='kontakt'  class='avia-section av-mmqq0pll-a2b7db6cca9cb91fbe5f6c104fad6974 main_color avia-section-huge avia-no-border-styling  avia-builder-el-19  el_after_av_section  el_before_av_one_half  avia-bg-style-scroll container_wrap sidebar_right'  ><div class='container av-section-cont-open' ><div class='template-page content  av-content-small alpha units'><div class='post-entry post-entry-type-page post-entry-431'><div class='entry-content-wrapper clearfix'>\n<div class='flex_column av-oo9yf-0101aa683a34eb1fad94396620ab6344 av_one_full  avia-builder-el-20  avia-builder-el-no-sibling  first flex_column_div '   ><style type=\"text\/css\" data-created_by=\"avia_inline_auto\" id=\"style-css-av-mu0xb-0a0f5c517239f4f37c5aaa41fcca24e4\">\n#top .av-special-heading.av-mu0xb-0a0f5c517239f4f37c5aaa41fcca24e4{\npadding-bottom:10px;\nfont-size:40px;\n}\nbody .av-special-heading.av-mu0xb-0a0f5c517239f4f37c5aaa41fcca24e4 .av-special-heading-tag .heading-char{\nfont-size:25px;\n}\n#top #wrap_all .av-special-heading.av-mu0xb-0a0f5c517239f4f37c5aaa41fcca24e4 .av-special-heading-tag{\nfont-size:40px;\n}\n.av-special-heading.av-mu0xb-0a0f5c517239f4f37c5aaa41fcca24e4 .av-subheading{\nfont-size:15px;\n}\n<\/style>\n<div  class='av-special-heading av-mu0xb-0a0f5c517239f4f37c5aaa41fcca24e4 av-special-heading-h1 blockquote classic-quote  avia-builder-el-21  avia-builder-el-no-sibling  av-inherit-size'><h1 class='av-special-heading-tag'  itemprop=\"headline\"  >marketing@novawinnica.pl<\/h1><div class=\"special-heading-border\"><div class=\"special-heading-inner-border\"><\/div><\/div><\/div><\/div><\/div><\/div><\/div><!-- close content main div --><\/div><\/div><div id='after_section_5'  class='main_color av_default_container_wrap container_wrap sidebar_right'  ><div class='container av-section-cont-open' ><div class='template-page content  av-content-small alpha units'><div class='post-entry post-entry-type-page post-entry-431'><div class='entry-content-wrapper clearfix'><div class='flex_column av-gycjz-cb8e5b08770722bb305f7dece4481884 av_one_half  avia-builder-el-22  el_after_av_section  el_before_av_one_half  avia-builder-el-first  first flex_column_div '   ><form action=\"https:\/\/novawinnica.pl\/\" method=\"post\"  class=\"avia_ajax_form av-form-labels-visible   avia-builder-el-23  avia-builder-el-no-sibling   \" data-avia-form-id=\"1\" data-avia-redirect='' ><h3 class=''>Napisz do nas<\/h3><fieldset><p class='  first_form  form_element form_fullwidth' id='element_avia_1_1'><label for=\"avia_1_1\">Nazwa <abbr class=\"required\" title=\"required\">*<\/abbr><\/label> <input name=\"avia_1_1\" class=\"text_input is_empty\" type=\"text\" id=\"avia_1_1\" value=\"\" \/><\/p><p class='  first_form  form_element form_fullwidth' id='element_avia_2_1'><label for=\"avia_2_1\">E-Mail <abbr class=\"required\" title=\"required\">*<\/abbr><\/label> <input name=\"avia_2_1\" class=\"text_input is_email\" type=\"text\" id=\"avia_2_1\" value=\"\" \/><\/p><p class='  first_form  form_element form_fullwidth' id='element_avia_3_1'><label for=\"avia_3_1\">Temat <abbr class=\"required\" title=\"required\">*<\/abbr><\/label> <input name=\"avia_3_1\" class=\"text_input is_empty\" type=\"text\" id=\"avia_3_1\" value=\"\" \/><\/p><p class='  first_form  form_element form_fullwidth av-last-visible-form-element' id='element_avia_4_1'><label for=\"avia_4_1\" class=\"textare_label hidden textare_label_avia_4_1\">Wiadomo\u015b\u0107 <abbr class=\"required\" title=\"required\">*<\/abbr><\/label><textarea  name=\"avia_4_1\" class=\"text_area is_empty\" cols=\"40\" rows=\"7\" id=\"avia_4_1\" ><\/textarea><\/p><p class=\"hidden\"><input type=\"text\" name=\"avia_5_1\" class=\"hidden \" id=\"avia_5_1\" value=\"\" \/><\/p><p class=\"form_element \"><input type=\"hidden\" value=\"1\" name=\"avia_generated_form1\" \/><input type=\"submit\" value=\"Wy\u015blij \" class=\"button\"  data-sending-label=\"Trwa wysy\u0142anie...\"\/><\/p><\/fieldset><\/form><div id=\"ajaxresponse_1\" class=\"ajaxresponse ajaxresponse_1 hidden\"><\/div><\/div><\/p>\n<div class='flex_column av-868xb-8a220700ba49af4d670c3c13ddd090f4 av_one_half  avia-builder-el-24  el_after_av_one_half  avia-builder-el-last  flex_column_div '   ><\/div>\n","protected":false},"excerpt":{"rendered":"","protected":false},"author":1,"featured_media":0,"parent":0,"menu_order":0,"comment_status":"open","ping_status":"open","template":"","meta":{"footnotes":""},"class_list":["post-431","page","type-page","status-publish","hentry"],"_links":{"self":[{"href":"https:\/\/novawinnica.pl\/index.php?rest_route=\/wp\/v2\/pages\/431","targetHints":{"allow":["GET"]}}],"collection":[{"href":"https:\/\/novawinnica.pl\/index.php?rest_route=\/wp\/v2\/pages"}],"about":[{"href":"https:\/\/novawinnica.pl\/index.php?rest_route=\/wp\/v2\/types\/page"}],"author":[{"embeddable":true,"href":"https:\/\/novawinnica.pl\/index.php?rest_route=\/wp\/v2\/users\/1"}],"replies":[{"embeddable":true,"href":"https:\/\/novawinnica.pl\/index.php?rest_route=%2Fwp%2Fv2%2Fcomments&post=431"}],"version-history":[{"count":31,"href":"https:\/\/novawinnica.pl\/index.php?rest_route=\/wp\/v2\/pages\/431\/revisions"}],"predecessor-version":[{"id":584,"href":"https:\/\/novawinnica.pl\/index.php?rest_route=\/wp\/v2\/pages\/431\/revisions\/584"}],"wp:attachment":[{"href":"https:\/\/novawinnica.pl\/index.php?rest_route=%2Fwp%2Fv2%2Fmedia&parent=431"}],"curies":[{"name":"wp","href":"https:\/\/api.w.org\/{rel}","templated":true}]}}